{"id":1131,"date":"2019-05-27T09:10:57","date_gmt":"2019-05-27T09:10:57","guid":{"rendered":"http:\/\/www.novihome.ch\/?page_id=1131"},"modified":"2019-06-26T12:25:36","modified_gmt":"2019-06-26T12:25:36","slug":"ueber-uns","status":"publish","type":"page","link":"https:\/\/www.novihome.ch\/de\/ueber-uns\/","title":{"rendered":"\u00dcber Novihome : Mietverwaltung online"},"content":{"rendered":"<p>[vc_row full_width=&#8220;stretch_row&#8220; css=&#8220;.vc_custom_1558945405441{background-color: #f2f2f2 !important;}&#8220;][vc_column][vc_column_text]<\/p>\n<h1 class=\"blue-dot\" style=\"text-align: center;\">\u00dcber <strong>Novihome\u00a0<\/strong>: Mietverwaltung online<\/h1>\n<p>[\/vc_column_text][\/vc_column][\/vc_row][vc_row][vc_column][vc_column_text]<\/p>\n<h2 style=\"font-size: 24px;\">Novihome, die erste digitale Immobilienverwaltung der Schweiz<\/h2>\n<p>[\/vc_column_text][\/vc_column][\/vc_row][vc_row][vc_column width=&#8220;2\/3&#8243;][vc_column_text]<strong>Novihome<\/strong> revolutioniert die Immobilienverwaltung mit <strong>der ersten vollkommen digitalen Verwaltungsl\u00f6sung der Schweiz<\/strong>. Gegen\u00fcber den markt\u00fcblichen Preisen k\u00f6nnen mit Novihome<a href=\"https:\/\/www.novihome.ch\/de\/#calculator\"><strong> \u00fcber 55 % Verwaltungskosten eingespart werden<\/strong><\/a>. M\u00f6glich ist dies durch eine innovative, auf verschiedenen Pauschalen basierende Preisgestaltung, vereinfachte Verfahren und eine mobile App in vier Sprachen, die schweizweit eine optimale Kommunikation zwischen den verschiedenen Akteuren gew\u00e4hrleistet.<\/p>\n<p>Im Gegensatz zu Banken und Versicherungen ist die Immobilienverwaltung bisher noch wenig digitalisiert, gleichzeitig aber mit hohem Verwaltungsaufwand, langen Verfahren und steigenden Kosten konfrontiert. Deshalb verfolgt Novihome haupts\u00e4chlich zwei Zielsetzungen: <strong>Optimierung der Verwaltungskosten<\/strong> und Vereinfachung der Beziehungen zwischen Verwaltung, Vermieter und Mieter. Novihome-Gr\u00fcnder und Verwaltungsrat Alain Moscatello kennt sich in diesen Bereichen bereits bestens aus, denn er leitet seit mehreren Jahren eine Firma, die auf Verm\u00f6gensberatung und -verwaltung spezialisiert ist. Heute stellt er sich einer neuen Herausforderung:<strong> die Schaffung einer zu 100 % digitalen Immobilienverwaltung<\/strong>, bei der alle Vorg\u00e4nge &#8211;<strong> Digitalisierung der Unterlagen, komplette Mietverwaltung, Finanzmanagement<\/strong> und auch die Kontakte mit den verschiedenen Ansprechpartnern &#8211; \u00fcber eine mobile App abgewickelt werden. Letztere wurde in zweij\u00e4hriger Arbeit mit Unterst\u00fctzung von Ingenieuren des EPFL Innovation Park entwickelt. Ergebnis: <strong>eine revolution\u00e4re, digitalisierte Immobilienverwaltung &#8211; schnell, einfach und kosteng\u00fcnstig<\/strong>.[\/vc_column_text][\/vc_column][vc_column width=&#8220;1\/3&#8243;][vc_single_image image=&#8220;1094&#8243; img_size=&#8220;full&#8220; style=&#8220;vc_box_rounded&#8220; onclick=&#8220;custom_link&#8220; link=&#8220;https:\/\/www.novihome.ch\/de\/digitale-immobilienverwaltung-schweiz\/&#8220;][\/vc_column][\/vc_row][vc_row css=&#8220;.vc_custom_1559811764332{margin-top: 20px !important;}&#8220;][vc_column width=&#8220;1\/3&#8243;][vc_single_image image=&#8220;1114&#8243; img_size=&#8220;full&#8220; style=&#8220;vc_box_rounded&#8220; onclick=&#8220;custom_link&#8220; link=&#8220;https:\/\/www.novihome.ch\/de\/preise\/&#8220;][\/vc_column][vc_column width=&#8220;2\/3&#8243;][vc_column_text]<\/p>\n<h3>Einfache und kosteng\u00fcnstige Preisgestaltung f\u00fcr die Vermieter<\/h3>\n<p>Die Preise basieren ausschliesslich auf dem Objekttyp. Damit bietet Novihome eine innovative, effiziente L\u00f6sung an, mit der Eigent\u00fcmer schnell ihre Rentabilit\u00e4tsziele erreichen. Wohnungen, H\u00e4user und Parkpl\u00e4tze werden pauschal pro Einheit berechnet, Gesch\u00e4ftsr\u00e4ume nach m2. Der Mietertrag hat keinen Einfluss auf die Honorare von Novihome. Dar\u00fcber hinaus bezieht Novihome auch keine Provisionen f\u00fcr Bau- und Instandhaltungsarbeiten, die in den verwalteten Immobilien vorgenommen werden. Diese Leistungen werden von spezifisch nach Kompetenz und Region ausgew\u00e4hlten Partnern erbracht (keine Exklusivvertr\u00e4ge). Dank dieser Verfahren k\u00f6nnen Eigent\u00fcmer mit <a href=\"https:\/\/www.novihome.ch\/de\/preise\/\"><strong>Novihome im Vergleich zu den markt\u00fcblichen Preisen \u00fcber 55 % Verwaltungskosten einsparen<\/strong><\/a>.[\/vc_column_text][\/vc_column][\/vc_row][vc_row full_width=&#8220;stretch_row&#8220; css=&#8220;.vc_custom_1559809994945{margin-top: 20px !important;background-color: #f2f2f2 !important;}&#8220;][vc_column width=&#8220;1\/2&#8243;][vc_column_text]<\/p>\n<p style=\"text-align: center;\"><a class=\"button btn-secondary\" href=\"https:\/\/www.novihome.ch\/de\/#calculator\">Berechnen Sie Ihr Einsparpotenzial<\/a><\/p>\n<p>[\/vc_column_text][\/vc_column][vc_column width=&#8220;1\/2&#8243;][vc_column_text]<\/p>\n<p style=\"text-align: center;\"><a class=\"button btn-secondary btn-warning\" href=\"https:\/\/www.novihome.ch\/de\/preise\/\">Unsere Preise<\/a><\/p>\n<p>[\/vc_column_text][\/vc_column][\/vc_row][vc_row][vc_column width=&#8220;1\/2&#8243;][vc_column_text]<\/p>\n<h3>Massgeschneiderter Service f\u00fcr die Mieter<\/h3>\n<p>F\u00fcr Novihome z\u00e4hlen auch die Meinung und die Zufriedenheit der Mieter zu den absoluten Priorit\u00e4ten. Leider wird ja beides allzu oft vernachl\u00e4ssigt. Die Mieter k\u00f6nnen sich \u00fcber die CHAT-Funktion der App jederzeit mit ihren Fragen, sei es zu Bauarbeiten, Rechnungen oder zu ihrem Mietvertrag, an Novihome wenden. Novihome geht ganz spezifisch auf jedes einzelne Anliegen ein und liefert eine individuelle Antwort.<\/p>\n<h3>Vorteile f\u00fcr alle<\/h3>\n<p>Komplett digitalisierte Verfahren &#8211; von der Validierung des Mieters bis zur Unterzeichnung des Mietvertrags, vom Anmeldeformular bis zur Online-Stellung der Mietobjekte und Mieten &#8211; st\u00e4ndige Kontaktm\u00f6glichkeit \u00fcber die App, individueller Service f\u00fcr Mieter und Vermieter, absolut unkomplizierte Kommunikation, zeitnah und reaktionsschnell &#8211; einfacher ging Immobilienverwaltung noch nie.[\/vc_column_text][\/vc_column][vc_column width=&#8220;1\/2&#8243;][vc_video link=&#8220;https:\/\/youtu.be\/eD7VEh3Etns&#8220; align=&#8220;center&#8220; css=&#8220;.vc_custom_1560755966370{margin-top: 50px !important;}&#8220;][\/vc_column][\/vc_row][vc_row full_width=&#8220;stretch_row&#8220; css=&#8220;.vc_custom_1560255441820{background-color: #f2f2f2 !important;}&#8220;][vc_column][vc_column_text css=&#8220;.vc_custom_1560859860760{margin-bottom: 0px !important;}&#8220;]<\/p>\n<h2>Unser Team<\/h2>\n<p>[\/vc_column_text][\/vc_column][\/vc_row][vc_row full_width=&#8220;stretch_row&#8220; css=&#8220;.vc_custom_1560255795685{margin-top: 0px !important;padding-top: 0px !important;background-color: #f2f2f2 !important;}&#8220;][vc_column width=&#8220;1\/2&#8243;][vc_column_text]<\/p>\n<h3>Alain Moscatello &#8211; Gr\u00fcnder und Verwaltungsrat<\/h3>\n<p>Alain ist seit 2012 Direktor einer in Genf ans\u00e4ssigen Firma, die auf Verm\u00f6gensberatung und -verwaltung spezialisiert ist. Zum breitgef\u00e4cherten Portfolio dieses Unternehmens z\u00e4hlt auch die Immobilienverwaltung. Schon bald erkannte Alain das Optimierungspotenzial, das die modernen Technologien in der Immobilien-Mietverwaltung er\u00f6ffneten. \u00dcberzeugt von dieser Idee, beschloss er 2017, eine mobile App f\u00fcr die Mietverwaltung von Immobilien zu entwickeln. Alain wohnt in Genf. Er ist verheiratet und Vater zweier Kinder.[\/vc_column_text][\/vc_column][vc_column width=&#8220;1\/2&#8243;][vc_column_text]<\/p>\n<h3>Emilio Montuori &#8211; Direktor<\/h3>\n<p>Emilio kommt aus dem Marketing und Verkauf und verf\u00fcgt \u00fcber langj\u00e4hrige Erfahrung als Key Account Manager im Dienstleistungsmanagement. 2018 kam er zu Novihome, um an unserem Online-Immobilienverwaltungssystem mitzuarbeiten und das Projekt zu finalisieren. Er begeistert sich f\u00fcr neue Technologien in verschiedensten Bereichen. Emilio wohnt in Genf.<br \/>\nEr ist verheiratet und Vater zweier Kinder.[\/vc_column_text][\/vc_column][\/vc_row][vc_row full_width=&#8220;stretch_row&#8220; css=&#8220;.vc_custom_1560859917463{padding-top: 0px !important;background-color: #f2f2f2 !important;}&#8220;][vc_column width=&#8220;1\/2&#8243;][vc_column_text]<\/p>\n<h3>Verwaltungsteam<\/h3>\n<p>Unser Verwaltungsteam k\u00fcmmert sich um die Immobilienverwaltung (Wohnungen, H\u00e4user, Parkpl\u00e4tze, Gewerber\u00e4ume). Sie erledigt alle administrativen und gesch\u00e4ftlichen Angelegenheiten. Derzeit wird diese Aufgabe von einer Person wahrgenommen, die auf siebenj\u00e4hrige Erfahrung in der Immobilienverwaltung verweisen kann.[\/vc_column_text][\/vc_column][vc_column width=&#8220;1\/2&#8243;][vc_column_text]<\/p>\n<h3>Ingenieure und Entwickler<\/h3>\n<p>Zur Umsetzung seines Projekts einer komplett digitalen Immobilienverwaltung wandte sich Alain an Entwickler und Ingenieure, die auf die Entwicklung von Apps spezialisiert sind. Diese extrem dynamische Zusammenarbeit basierte auf einem sehr offenen Dialog und der genauen Bestimmung des derzeitigen Bedarfs. So konnte eine innovative digitale L\u00f6sung ausgearbeitet werden, deren unkompliziertes, ergonomisches Interface sehr einfach zu bedienen ist.[\/vc_column_text][\/vc_column][\/vc_row][vc_row css=&#8220;.vc_custom_1558947107866{margin-top: 50px !important;}&#8220;][vc_column][vc_column_text]<\/p>\n<h2 style=\"text-align: center;\">Wie k\u00f6nnen wir Ihnen helfen<\/h2>\n<p>[\/vc_column_text]\n                <div class='gf_browser_gecko gform_wrapper' id='gform_wrapper_1' ><form method='post' enctype='multipart\/form-data'  id='gform_1'  action='\/de\/wp-json\/wp\/v2\/pages\/1131\/'>\n                        <div class='gform_body'><ul id='gform_fields_1' class='gform_fields top_label form_sublabel_below description_below'><li id='field_1_1'  class='gfield gfield_contains_required field_sublabel_below field_description_below gfield_visibility_visible' ><label class='gfield_label' for='input_1_1' >Sie sind<span class='gfield_required'>*<\/span><\/label><div class='ginput_container ginput_container_select'><select name='input_1' id='input_1_1'  class='large gfield_select'   aria-required=\"true\" aria-invalid=\"false\"><option value='owner' >Eigent\u00fcmer<\/option><option value='tenant' >Mieter<\/option><\/select><\/div><\/li><li id='field_1_2'  class='gfield gfield_contains_required field_sublabel_below field_description_below gfield_visibility_visible' ><label class='gfield_label' for='input_1_2' >Vollst\u00e4ndiger Name<span class='gfield_required'>*<\/span><\/label><div class='ginput_container ginput_container_text'><input name='input_2' id='input_1_2' type='text' value='' class='large'    placeholder='Ex: Michelle Dumond' aria-required=\"true\" aria-invalid=\"false\" \/><\/div><\/li><li id='field_1_9'  class='gfield gfield_contains_required field_sublabel_below field_description_below gfield_visibility_visible' ><label class='gfield_label' for='input_1_9' >E-mail<span class='gfield_required'>*<\/span><\/label><div class='ginput_container ginput_container_email'>\n                            <input name='input_9' id='input_1_9' type='text' value='' class='large'    placeholder='info@beispiel.com' aria-required=\"true\" aria-invalid=\"false\"\/>\n                        <\/div><\/li><li id='field_1_7'  class='gfield gfield_contains_required field_sublabel_below field_description_below gfield_visibility_visible' ><label class='gfield_label' for='input_1_7' >Mitteilung<span class='gfield_required'>*<\/span><\/label><div class='ginput_container ginput_container_textarea'><textarea name='input_7' id='input_1_7' class='textarea medium'   placeholder='Ihre Mitteilung' aria-required=\"true\" aria-invalid=\"false\"   rows='10' cols='50'><\/textarea><\/div><\/li><li id='field_1_8'  class='gfield field_sublabel_below field_description_below gfield_visibility_visible' ><label class='gfield_label' for='input_1_8' >CAPTCHA<\/label><div id='input_1_8' class='ginput_container ginput_recaptcha' data-sitekey='6LdWO4gUAAAAAO9C3hJm8CtJASEelE2Dvgc4dDBz'  data-theme='light' data-tabindex='0'><\/div><\/li>\n                            <\/ul><\/div>\n        <div class='gform_footer top_label'> <input type='submit' id='gform_submit_button_1' class='gform_button button' value='Senden!' tabindex='1' onclick='if(window[\"gf_submitting_1\"]){return false;}  window[\"gf_submitting_1\"]=true;  ' onkeypress='if( event.keyCode == 13 ){ if(window[\"gf_submitting_1\"]){return false;} window[\"gf_submitting_1\"]=true;  jQuery(\"#gform_1\").trigger(\"submit\",[true]); }' \/> \n            <input type='hidden' class='gform_hidden' name='is_submit_1' value='1' \/>\n            <input type='hidden' class='gform_hidden' name='gform_submit' value='1' \/>\n            \n            <input type='hidden' class='gform_hidden' name='gform_unique_id' value='' \/>\n            <input type='hidden' class='gform_hidden' name='state_1' value='WyJbXSIsIjQwMzY2ZmE2ZjkwYmE5MTQzMTNiODVjYTI2NjA4ZmQ3Il0=' \/>\n            <input type='hidden' class='gform_hidden' name='gform_target_page_number_1' id='gform_target_page_number_1' value='0' \/>\n            <input type='hidden' class='gform_hidden' name='gform_source_page_number_1' id='gform_source_page_number_1' value='1' \/>\n            <input type='hidden' name='gform_field_values' value='' \/>\n            \n        <\/div>\n                        <\/form>\n                        <\/div><script type='text\/javascript'> if(typeof gf_global == 'undefined') var gf_global = {\"gf_currency_config\":{\"name\":\"Schweizer Franken\",\"symbol_left\":\"CHF\",\"symbol_right\":\"\",\"symbol_padding\":\" \",\"thousand_separator\":\"'\",\"decimal_separator\":\".\",\"decimals\":2,\"symbol_old\":\"Fr.\"},\"base_url\":\"https:\\\/\\\/www.novihome.ch\\\/wp-content\\\/plugins\\\/gravityforms\",\"number_formats\":[],\"spinnerUrl\":\"https:\\\/\\\/www.novihome.ch\\\/wp-content\\\/plugins\\\/gravityforms\\\/images\\\/spinner.gif\"};jQuery(document).bind('gform_post_render', function(event, formId, currentPage){if(formId == 1) {if(typeof Placeholders != 'undefined'){\n                        Placeholders.enable();\n                    }} } );jQuery(document).bind('gform_post_conditional_logic', function(event, formId, fields, isInit){} );<\/script><script type='text\/javascript'> jQuery(document).ready(function(){jQuery(document).trigger('gform_post_render', [1, 1]) } ); <\/script>[\/vc_column][\/vc_row]<\/p>\n","protected":false},"excerpt":{"rendered":"<p>[vc_row full_width=&#8220;stretch_row&#8220; css=&#8220;.vc_custom_1558945405441{background-color: #f2f2f2 !important;}&#8220;][vc_column][vc_column_text] \u00dcber Novihome\u00a0: Mietverwaltung online [\/vc_column_text][\/vc_column][\/vc_row][vc_row][vc_column][vc_column_text] Novihome, die erste digitale Immobilienverwaltung der Schweiz [\/vc_column_text][\/vc_column][\/vc_row][vc_row][vc_column width=&#8220;2\/3&#8243;][vc_column_text]Novihome revolutioniert die Immobilienverwaltung mit der ersten vollkommen digitalen Verwaltungsl\u00f6sung der Schweiz. Gegen\u00fcber den markt\u00fcblichen Preisen k\u00f6nnen mit Novihome \u00fcber 55 % Verwaltungskosten eingespart werden. M\u00f6glich ist dies durch eine innovative, auf verschiedenen Pauschalen basierende Preisgestaltung, vereinfachte &hellip; <a href=\"https:\/\/www.novihome.ch\/de\/ueber-uns\/\">Fortsetzung<\/a><\/p>\n","protected":false},"author":13,"featured_media":0,"parent":0,"menu_order":0,"comment_status":"closed","ping_status":"closed","template":"","meta":[],"_links":{"self":[{"href":"https:\/\/www.novihome.ch\/de\/wp-json\/wp\/v2\/pages\/1131\/"}],"collection":[{"href":"https:\/\/www.novihome.ch\/de\/wp-json\/wp\/v2\/pages\/"}],"about":[{"href":"https:\/\/www.novihome.ch\/de\/wp-json\/wp\/v2\/types\/page\/"}],"author":[{"embeddable":true,"href":"https:\/\/www.novihome.ch\/de\/wp-json\/wp\/v2\/users\/13\/"}],"replies":[{"embeddable":true,"href":"https:\/\/www.novihome.ch\/de\/wp-json\/wp\/v2\/comments\/?post=1131"}],"version-history":[{"count":8,"href":"https:\/\/www.novihome.ch\/de\/wp-json\/wp\/v2\/pages\/1131\/revisions\/"}],"predecessor-version":[{"id":1186,"href":"https:\/\/www.novihome.ch\/de\/wp-json\/wp\/v2\/pages\/1131\/revisions\/1186\/"}],"wp:attachment":[{"href":"https:\/\/www.novihome.ch\/de\/wp-json\/wp\/v2\/media\/?parent=1131"}],"curies":[{"name":"wp","href":"https:\/\/api.w.org\/{rel}","templated":true}]}}